{"id":125,"date":"2025-04-23T08:21:15","date_gmt":"2025-04-23T08:21:15","guid":{"rendered":"http:\/\/gr-service.local\/?page_id=125"},"modified":"2026-03-04T12:46:53","modified_gmt":"2026-03-04T12:46:53","slug":"presentation","status":"publish","type":"page","link":"https:\/\/www.gr-service.be\/fr\/gr-service\/presentation\/","title":{"rendered":"Pr\u00e9sentation"},"content":{"rendered":"<p data-start=\"54\" data-end=\"430\">Depuis sa cr\u00e9ation en 1987, GR Service s\u2019est impos\u00e9 comme un fournisseur fiable de produits et de services de haute qualit\u00e9 pour le secteur agricole. Bas\u00e9s en Belgique et au Luxembourg, nous sommes sp\u00e9cialis\u00e9s dans les syst\u00e8mes de traite, l\u2019hygi\u00e8ne de la traite, le soin des animaux et tout ce qui contribue au bon fonctionnement et \u00e0 l\u2019efficacit\u00e9 des exploitations laiti\u00e8res.<\/p>\n","protected":false},"excerpt":{"rendered":"<p>Depuis sa cr\u00e9ation en 1987, GR Service s\u2019est impos\u00e9 comme un fournisseur fiable de produits et de services de haute qualit\u00e9 pour le secteur agricole. Bas\u00e9s en Belgique et au Luxembourg, nous sommes sp\u00e9cialis\u00e9s dans les syst\u00e8mes de traite, l\u2019hygi\u00e8ne de la traite, le soin des animaux et tout ce qui contribue au bon fonctionnement [&hellip;]<\/p>\n","protected":false},"author":1,"featured_media":1132,"parent":121,"menu_order":33,"comment_status":"closed","ping_status":"closed","template":"page-template\/template-flexible.php","meta":{"_acf_changed":false,"inline_featured_image":false,"footnotes":""},"class_list":["post-125","page","type-page","status-publish","has-post-thumbnail","hentry"],"acf":[],"yoast_head":"<!-- This site is optimized with the Yoast SEO plugin v26.8 - https:\/\/yoast.com\/product\/yoast-seo-wordpress\/ -->\n<title>Pr\u00e9sentation - GR Service<\/title>\n<meta name=\"description\" content=\"GR Service est un fournisseur de produits et de services de haute qualit\u00e9 pour les exploitations laiti\u00e8res.\" \/>\n<meta name=\"robots\" content=\"index, follow, max-snippet:-1, max-image-preview:large, max-video-preview:-1\" \/>\n<link rel=\"canonical\" href=\"https:\/\/www.gr-service.be\/fr\/gr-service\/presentation\/\" \/>\n<meta property=\"og:locale\" content=\"fr_FR\" \/>\n<meta property=\"og:type\" content=\"article\" \/>\n<meta property=\"og:title\" content=\"Pr\u00e9sentation - GR Service\" \/>\n<meta property=\"og:description\" content=\"GR Service est un fournisseur de produits et de services de haute qualit\u00e9 pour les exploitations laiti\u00e8res.\" \/>\n<meta property=\"og:url\" content=\"https:\/\/www.gr-service.be\/fr\/gr-service\/presentation\/\" \/>\n<meta property=\"og:site_name\" content=\"GR Service\" \/>\n<meta property=\"article:modified_time\" content=\"2026-03-04T12:46:53+00:00\" \/>\n<meta property=\"og:image\" content=\"https:\/\/www.gr-service.be\/wp-content\/uploads\/2025\/07\/Cvisuels-250723-083949-4108949-scaled.jpg\" \/>\n\t<meta property=\"og:image:width\" content=\"1\" \/>\n\t<meta property=\"og:image:height\" content=\"1\" \/>\n\t<meta property=\"og:image:type\" content=\"image\/jpeg\" \/>\n<meta name=\"twitter:card\" content=\"summary_large_image\" \/>\n<meta name=\"twitter:label1\" content=\"Dur\u00e9e de lecture estim\u00e9e\" \/>\n\t<meta name=\"twitter:data1\" content=\"10 minutes\" \/>\n<script type=\"application\/ld+json\" class=\"yoast-schema-graph\">{\"@context\":\"https:\/\/schema.org\",\"@graph\":[{\"@type\":\"WebPage\",\"@id\":\"https:\/\/www.gr-service.be\/fr\/gr-service\/presentation\/\",\"url\":\"https:\/\/www.gr-service.be\/fr\/gr-service\/presentation\/\",\"name\":\"Pr\u00e9sentation - GR Service\",\"isPartOf\":{\"@id\":\"https:\/\/www.gr-service.be\/fr\/#website\"},\"primaryImageOfPage\":{\"@id\":\"https:\/\/www.gr-service.be\/fr\/gr-service\/presentation\/#primaryimage\"},\"image\":{\"@id\":\"https:\/\/www.gr-service.be\/fr\/gr-service\/presentation\/#primaryimage\"},\"thumbnailUrl\":\"https:\/\/www.gr-service.be\/wp-content\/uploads\/2025\/07\/Cvisuels-250723-083949-4108949-scaled.jpg\",\"datePublished\":\"2025-04-23T08:21:15+00:00\",\"dateModified\":\"2026-03-04T12:46:53+00:00\",\"description\":\"GR Service est un fournisseur de produits et de services de haute qualit\u00e9 pour les exploitations laiti\u00e8res.\",\"breadcrumb\":{\"@id\":\"https:\/\/www.gr-service.be\/fr\/gr-service\/presentation\/#breadcrumb\"},\"inLanguage\":\"fr-FR\",\"potentialAction\":[{\"@type\":\"ReadAction\",\"target\":[\"https:\/\/www.gr-service.be\/fr\/gr-service\/presentation\/\"]}]},{\"@type\":\"ImageObject\",\"inLanguage\":\"fr-FR\",\"@id\":\"https:\/\/www.gr-service.be\/fr\/gr-service\/presentation\/#primaryimage\",\"url\":\"https:\/\/www.gr-service.be\/wp-content\/uploads\/2025\/07\/Cvisuels-250723-083949-4108949-scaled.jpg\",\"contentUrl\":\"https:\/\/www.gr-service.be\/wp-content\/uploads\/2025\/07\/Cvisuels-250723-083949-4108949-scaled.jpg\"},{\"@type\":\"BreadcrumbList\",\"@id\":\"https:\/\/www.gr-service.be\/fr\/gr-service\/presentation\/#breadcrumb\",\"itemListElement\":[{\"@type\":\"ListItem\",\"position\":1,\"name\":\"Accueil\",\"item\":\"https:\/\/www.gr-service.be\/fr\/\"},{\"@type\":\"ListItem\",\"position\":2,\"name\":\"GR Service\",\"item\":\"https:\/\/www.gr-service.be\/fr\/gr-service\/\"},{\"@type\":\"ListItem\",\"position\":3,\"name\":\"Pr\u00e9sentation\"}]},{\"@type\":\"WebSite\",\"@id\":\"https:\/\/www.gr-service.be\/fr\/#website\",\"url\":\"https:\/\/www.gr-service.be\/fr\/\",\"name\":\"GR Service\",\"description\":\"\",\"potentialAction\":[{\"@type\":\"SearchAction\",\"target\":{\"@type\":\"EntryPoint\",\"urlTemplate\":\"https:\/\/www.gr-service.be\/fr\/?s={search_term_string}\"},\"query-input\":{\"@type\":\"PropertyValueSpecification\",\"valueRequired\":true,\"valueName\":\"search_term_string\"}}],\"inLanguage\":\"fr-FR\"}]}<\/script>\n<!-- \/ Yoast SEO plugin. -->","yoast_head_json":{"title":"Pr\u00e9sentation - GR Service","description":"GR Service est un fournisseur de produits et de services de haute qualit\u00e9 pour les exploitations laiti\u00e8res.","robots":{"index":"index","follow":"follow","max-snippet":"max-snippet:-1","max-image-preview":"max-image-preview:large","max-video-preview":"max-video-preview:-1"},"canonical":"https:\/\/www.gr-service.be\/fr\/gr-service\/presentation\/","og_locale":"fr_FR","og_type":"article","og_title":"Pr\u00e9sentation - GR Service","og_description":"GR Service est un fournisseur de produits et de services de haute qualit\u00e9 pour les exploitations laiti\u00e8res.","og_url":"https:\/\/www.gr-service.be\/fr\/gr-service\/presentation\/","og_site_name":"GR Service","article_modified_time":"2026-03-04T12:46:53+00:00","og_image":[{"url":"https:\/\/www.gr-service.be\/wp-content\/uploads\/2025\/07\/Cvisuels-250723-083949-4108949-scaled.jpg","width":1,"height":1,"type":"image\/jpeg"}],"twitter_card":"summary_large_image","twitter_misc":{"Dur\u00e9e de lecture estim\u00e9e":"10 minutes"},"schema":{"@context":"https:\/\/schema.org","@graph":[{"@type":"WebPage","@id":"https:\/\/www.gr-service.be\/fr\/gr-service\/presentation\/","url":"https:\/\/www.gr-service.be\/fr\/gr-service\/presentation\/","name":"Pr\u00e9sentation - GR Service","isPartOf":{"@id":"https:\/\/www.gr-service.be\/fr\/#website"},"primaryImageOfPage":{"@id":"https:\/\/www.gr-service.be\/fr\/gr-service\/presentation\/#primaryimage"},"image":{"@id":"https:\/\/www.gr-service.be\/fr\/gr-service\/presentation\/#primaryimage"},"thumbnailUrl":"https:\/\/www.gr-service.be\/wp-content\/uploads\/2025\/07\/Cvisuels-250723-083949-4108949-scaled.jpg","datePublished":"2025-04-23T08:21:15+00:00","dateModified":"2026-03-04T12:46:53+00:00","description":"GR Service est un fournisseur de produits et de services de haute qualit\u00e9 pour les exploitations laiti\u00e8res.","breadcrumb":{"@id":"https:\/\/www.gr-service.be\/fr\/gr-service\/presentation\/#breadcrumb"},"inLanguage":"fr-FR","potentialAction":[{"@type":"ReadAction","target":["https:\/\/www.gr-service.be\/fr\/gr-service\/presentation\/"]}]},{"@type":"ImageObject","inLanguage":"fr-FR","@id":"https:\/\/www.gr-service.be\/fr\/gr-service\/presentation\/#primaryimage","url":"https:\/\/www.gr-service.be\/wp-content\/uploads\/2025\/07\/Cvisuels-250723-083949-4108949-scaled.jpg","contentUrl":"https:\/\/www.gr-service.be\/wp-content\/uploads\/2025\/07\/Cvisuels-250723-083949-4108949-scaled.jpg"},{"@type":"BreadcrumbList","@id":"https:\/\/www.gr-service.be\/fr\/gr-service\/presentation\/#breadcrumb","itemListElement":[{"@type":"ListItem","position":1,"name":"Accueil","item":"https:\/\/www.gr-service.be\/fr\/"},{"@type":"ListItem","position":2,"name":"GR Service","item":"https:\/\/www.gr-service.be\/fr\/gr-service\/"},{"@type":"ListItem","position":3,"name":"Pr\u00e9sentation"}]},{"@type":"WebSite","@id":"https:\/\/www.gr-service.be\/fr\/#website","url":"https:\/\/www.gr-service.be\/fr\/","name":"GR Service","description":"","potentialAction":[{"@type":"SearchAction","target":{"@type":"EntryPoint","urlTemplate":"https:\/\/www.gr-service.be\/fr\/?s={search_term_string}"},"query-input":{"@type":"PropertyValueSpecification","valueRequired":true,"valueName":"search_term_string"}}],"inLanguage":"fr-FR"}]}},"_links":{"self":[{"href":"https:\/\/www.gr-service.be\/fr\/wp-json\/wp\/v2\/pages\/125","targetHints":{"allow":["GET"]}}],"collection":[{"href":"https:\/\/www.gr-service.be\/fr\/wp-json\/wp\/v2\/pages"}],"about":[{"href":"https:\/\/www.gr-service.be\/fr\/wp-json\/wp\/v2\/types\/page"}],"author":[{"embeddable":true,"href":"https:\/\/www.gr-service.be\/fr\/wp-json\/wp\/v2\/users\/1"}],"replies":[{"embeddable":true,"href":"https:\/\/www.gr-service.be\/fr\/wp-json\/wp\/v2\/comments?post=125"}],"version-history":[{"count":29,"href":"https:\/\/www.gr-service.be\/fr\/wp-json\/wp\/v2\/pages\/125\/revisions"}],"predecessor-version":[{"id":3412,"href":"https:\/\/www.gr-service.be\/fr\/wp-json\/wp\/v2\/pages\/125\/revisions\/3412"}],"up":[{"embeddable":true,"href":"https:\/\/www.gr-service.be\/fr\/wp-json\/wp\/v2\/pages\/121"}],"wp:featuredmedia":[{"embeddable":true,"href":"https:\/\/www.gr-service.be\/fr\/wp-json\/wp\/v2\/media\/1132"}],"wp:attachment":[{"href":"https:\/\/www.gr-service.be\/fr\/wp-json\/wp\/v2\/media?parent=125"}],"curies":[{"name":"wp","href":"https:\/\/api.w.org\/{rel}","templated":true}]}}