{"id":127,"date":"2025-04-23T08:21:23","date_gmt":"2025-04-23T08:21:23","guid":{"rendered":"http:\/\/gr-service.local\/?page_id=127"},"modified":"2025-09-08T07:03:55","modified_gmt":"2025-09-08T07:03:55","slug":"histoire","status":"publish","type":"page","link":"https:\/\/www.gr-service.be\/fr\/gr-service\/histoire\/","title":{"rendered":"Histoire"},"content":{"rendered":"","protected":false},"excerpt":{"rendered":"","protected":false},"author":1,"featured_media":921,"parent":121,"menu_order":17,"comment_status":"closed","ping_status":"closed","template":"page-template\/template-text.php","meta":{"_acf_changed":false,"inline_featured_image":false,"footnotes":""},"class_list":["post-127","page","type-page","status-publish","has-post-thumbnail","hentry"],"acf":[],"yoast_head":"<!-- This site is optimized with the Yoast SEO plugin v26.8 - https:\/\/yoast.com\/product\/yoast-seo-wordpress\/ -->\n<title>Histoire - GR Service<\/title>\n<meta name=\"description\" content=\"La soci\u00e9t\u00e9 GR Service, anciennement connue sous le nom de Gauder-Rossi, a \u00e9t\u00e9 fond\u00e9e en 1987 par Ren\u00e9 Gauder. Depuis 1995, elle collabore avec BouMatic, une entreprise am\u00e9ricaine sp\u00e9cialis\u00e9e dans les \u00e9quipements de traite, reconnue pour sa philosophie innovante et ses avanc\u00e9es technologiques qui fa\u00e7onnent l\u2019avenir du secteur.\" \/>\n<meta name=\"robots\" content=\"index, follow, max-snippet:-1, max-image-preview:large, max-video-preview:-1\" \/>\n<link rel=\"canonical\" href=\"https:\/\/www.gr-service.be\/fr\/gr-service\/histoire\/\" \/>\n<meta property=\"og:locale\" content=\"fr_FR\" \/>\n<meta property=\"og:type\" content=\"article\" \/>\n<meta property=\"og:title\" content=\"Histoire - GR Service\" \/>\n<meta property=\"og:description\" content=\"La soci\u00e9t\u00e9 GR Service, anciennement connue sous le nom de Gauder-Rossi, a \u00e9t\u00e9 fond\u00e9e en 1987 par Ren\u00e9 Gauder. Depuis 1995, elle collabore avec BouMatic, une entreprise am\u00e9ricaine sp\u00e9cialis\u00e9e dans les \u00e9quipements de traite, reconnue pour sa philosophie innovante et ses avanc\u00e9es technologiques qui fa\u00e7onnent l\u2019avenir du secteur.\" \/>\n<meta property=\"og:url\" content=\"https:\/\/www.gr-service.be\/fr\/gr-service\/histoire\/\" \/>\n<meta property=\"og:site_name\" content=\"GR Service\" \/>\n<meta property=\"article:modified_time\" content=\"2025-09-08T07:03:55+00:00\" \/>\n<meta property=\"og:image\" content=\"https:\/\/www.gr-service.be\/wp-content\/uploads\/2025\/07\/Bild1.jpg\" \/>\n\t<meta property=\"og:image:width\" content=\"802\" \/>\n\t<meta property=\"og:image:height\" content=\"568\" \/>\n\t<meta property=\"og:image:type\" content=\"image\/jpeg\" \/>\n<meta name=\"twitter:card\" content=\"summary_large_image\" \/>\n<meta name=\"twitter:label1\" content=\"Dur\u00e9e de lecture estim\u00e9e\" \/>\n\t<meta name=\"twitter:data1\" content=\"1 minute\" \/>\n<script type=\"application\/ld+json\" class=\"yoast-schema-graph\">{\"@context\":\"https:\/\/schema.org\",\"@graph\":[{\"@type\":\"WebPage\",\"@id\":\"https:\/\/www.gr-service.be\/fr\/gr-service\/histoire\/\",\"url\":\"https:\/\/www.gr-service.be\/fr\/gr-service\/histoire\/\",\"name\":\"Histoire - GR Service\",\"isPartOf\":{\"@id\":\"https:\/\/www.gr-service.be\/fr\/#website\"},\"primaryImageOfPage\":{\"@id\":\"https:\/\/www.gr-service.be\/fr\/gr-service\/histoire\/#primaryimage\"},\"image\":{\"@id\":\"https:\/\/www.gr-service.be\/fr\/gr-service\/histoire\/#primaryimage\"},\"thumbnailUrl\":\"https:\/\/www.gr-service.be\/wp-content\/uploads\/2025\/07\/Bild1.jpg\",\"datePublished\":\"2025-04-23T08:21:23+00:00\",\"dateModified\":\"2025-09-08T07:03:55+00:00\",\"description\":\"La soci\u00e9t\u00e9 GR Service, anciennement connue sous le nom de Gauder-Rossi, a \u00e9t\u00e9 fond\u00e9e en 1987 par Ren\u00e9 Gauder. Depuis 1995, elle collabore avec BouMatic, une entreprise am\u00e9ricaine sp\u00e9cialis\u00e9e dans les \u00e9quipements de traite, reconnue pour sa philosophie innovante et ses avanc\u00e9es technologiques qui fa\u00e7onnent l\u2019avenir du secteur.\",\"breadcrumb\":{\"@id\":\"https:\/\/www.gr-service.be\/fr\/gr-service\/histoire\/#breadcrumb\"},\"inLanguage\":\"fr-FR\",\"potentialAction\":[{\"@type\":\"ReadAction\",\"target\":[\"https:\/\/www.gr-service.be\/fr\/gr-service\/histoire\/\"]}]},{\"@type\":\"ImageObject\",\"inLanguage\":\"fr-FR\",\"@id\":\"https:\/\/www.gr-service.be\/fr\/gr-service\/histoire\/#primaryimage\",\"url\":\"https:\/\/www.gr-service.be\/wp-content\/uploads\/2025\/07\/Bild1.jpg\",\"contentUrl\":\"https:\/\/www.gr-service.be\/wp-content\/uploads\/2025\/07\/Bild1.jpg\",\"width\":802,\"height\":568},{\"@type\":\"BreadcrumbList\",\"@id\":\"https:\/\/www.gr-service.be\/fr\/gr-service\/histoire\/#breadcrumb\",\"itemListElement\":[{\"@type\":\"ListItem\",\"position\":1,\"name\":\"Accueil\",\"item\":\"https:\/\/www.gr-service.be\/fr\/\"},{\"@type\":\"ListItem\",\"position\":2,\"name\":\"GR Service\",\"item\":\"https:\/\/www.gr-service.be\/fr\/gr-service\/\"},{\"@type\":\"ListItem\",\"position\":3,\"name\":\"Histoire\"}]},{\"@type\":\"WebSite\",\"@id\":\"https:\/\/www.gr-service.be\/fr\/#website\",\"url\":\"https:\/\/www.gr-service.be\/fr\/\",\"name\":\"GR Service\",\"description\":\"\",\"potentialAction\":[{\"@type\":\"SearchAction\",\"target\":{\"@type\":\"EntryPoint\",\"urlTemplate\":\"https:\/\/www.gr-service.be\/fr\/?s={search_term_string}\"},\"query-input\":{\"@type\":\"PropertyValueSpecification\",\"valueRequired\":true,\"valueName\":\"search_term_string\"}}],\"inLanguage\":\"fr-FR\"}]}<\/script>\n<!-- \/ Yoast SEO plugin. -->","yoast_head_json":{"title":"Histoire - GR Service","description":"La soci\u00e9t\u00e9 GR Service, anciennement connue sous le nom de Gauder-Rossi, a \u00e9t\u00e9 fond\u00e9e en 1987 par Ren\u00e9 Gauder. Depuis 1995, elle collabore avec BouMatic, une entreprise am\u00e9ricaine sp\u00e9cialis\u00e9e dans les \u00e9quipements de traite, reconnue pour sa philosophie innovante et ses avanc\u00e9es technologiques qui fa\u00e7onnent l\u2019avenir du secteur.","robots":{"index":"index","follow":"follow","max-snippet":"max-snippet:-1","max-image-preview":"max-image-preview:large","max-video-preview":"max-video-preview:-1"},"canonical":"https:\/\/www.gr-service.be\/fr\/gr-service\/histoire\/","og_locale":"fr_FR","og_type":"article","og_title":"Histoire - GR Service","og_description":"La soci\u00e9t\u00e9 GR Service, anciennement connue sous le nom de Gauder-Rossi, a \u00e9t\u00e9 fond\u00e9e en 1987 par Ren\u00e9 Gauder. Depuis 1995, elle collabore avec BouMatic, une entreprise am\u00e9ricaine sp\u00e9cialis\u00e9e dans les \u00e9quipements de traite, reconnue pour sa philosophie innovante et ses avanc\u00e9es technologiques qui fa\u00e7onnent l\u2019avenir du secteur.","og_url":"https:\/\/www.gr-service.be\/fr\/gr-service\/histoire\/","og_site_name":"GR Service","article_modified_time":"2025-09-08T07:03:55+00:00","og_image":[{"width":802,"height":568,"url":"https:\/\/www.gr-service.be\/wp-content\/uploads\/2025\/07\/Bild1.jpg","type":"image\/jpeg"}],"twitter_card":"summary_large_image","twitter_misc":{"Dur\u00e9e de lecture estim\u00e9e":"1 minute"},"schema":{"@context":"https:\/\/schema.org","@graph":[{"@type":"WebPage","@id":"https:\/\/www.gr-service.be\/fr\/gr-service\/histoire\/","url":"https:\/\/www.gr-service.be\/fr\/gr-service\/histoire\/","name":"Histoire - GR Service","isPartOf":{"@id":"https:\/\/www.gr-service.be\/fr\/#website"},"primaryImageOfPage":{"@id":"https:\/\/www.gr-service.be\/fr\/gr-service\/histoire\/#primaryimage"},"image":{"@id":"https:\/\/www.gr-service.be\/fr\/gr-service\/histoire\/#primaryimage"},"thumbnailUrl":"https:\/\/www.gr-service.be\/wp-content\/uploads\/2025\/07\/Bild1.jpg","datePublished":"2025-04-23T08:21:23+00:00","dateModified":"2025-09-08T07:03:55+00:00","description":"La soci\u00e9t\u00e9 GR Service, anciennement connue sous le nom de Gauder-Rossi, a \u00e9t\u00e9 fond\u00e9e en 1987 par Ren\u00e9 Gauder. Depuis 1995, elle collabore avec BouMatic, une entreprise am\u00e9ricaine sp\u00e9cialis\u00e9e dans les \u00e9quipements de traite, reconnue pour sa philosophie innovante et ses avanc\u00e9es technologiques qui fa\u00e7onnent l\u2019avenir du secteur.","breadcrumb":{"@id":"https:\/\/www.gr-service.be\/fr\/gr-service\/histoire\/#breadcrumb"},"inLanguage":"fr-FR","potentialAction":[{"@type":"ReadAction","target":["https:\/\/www.gr-service.be\/fr\/gr-service\/histoire\/"]}]},{"@type":"ImageObject","inLanguage":"fr-FR","@id":"https:\/\/www.gr-service.be\/fr\/gr-service\/histoire\/#primaryimage","url":"https:\/\/www.gr-service.be\/wp-content\/uploads\/2025\/07\/Bild1.jpg","contentUrl":"https:\/\/www.gr-service.be\/wp-content\/uploads\/2025\/07\/Bild1.jpg","width":802,"height":568},{"@type":"BreadcrumbList","@id":"https:\/\/www.gr-service.be\/fr\/gr-service\/histoire\/#breadcrumb","itemListElement":[{"@type":"ListItem","position":1,"name":"Accueil","item":"https:\/\/www.gr-service.be\/fr\/"},{"@type":"ListItem","position":2,"name":"GR Service","item":"https:\/\/www.gr-service.be\/fr\/gr-service\/"},{"@type":"ListItem","position":3,"name":"Histoire"}]},{"@type":"WebSite","@id":"https:\/\/www.gr-service.be\/fr\/#website","url":"https:\/\/www.gr-service.be\/fr\/","name":"GR Service","description":"","potentialAction":[{"@type":"SearchAction","target":{"@type":"EntryPoint","urlTemplate":"https:\/\/www.gr-service.be\/fr\/?s={search_term_string}"},"query-input":{"@type":"PropertyValueSpecification","valueRequired":true,"valueName":"search_term_string"}}],"inLanguage":"fr-FR"}]}},"_links":{"self":[{"href":"https:\/\/www.gr-service.be\/fr\/wp-json\/wp\/v2\/pages\/127","targetHints":{"allow":["GET"]}}],"collection":[{"href":"https:\/\/www.gr-service.be\/fr\/wp-json\/wp\/v2\/pages"}],"about":[{"href":"https:\/\/www.gr-service.be\/fr\/wp-json\/wp\/v2\/types\/page"}],"author":[{"embeddable":true,"href":"https:\/\/www.gr-service.be\/fr\/wp-json\/wp\/v2\/users\/1"}],"replies":[{"embeddable":true,"href":"https:\/\/www.gr-service.be\/fr\/wp-json\/wp\/v2\/comments?post=127"}],"version-history":[{"count":12,"href":"https:\/\/www.gr-service.be\/fr\/wp-json\/wp\/v2\/pages\/127\/revisions"}],"predecessor-version":[{"id":2446,"href":"https:\/\/www.gr-service.be\/fr\/wp-json\/wp\/v2\/pages\/127\/revisions\/2446"}],"up":[{"embeddable":true,"href":"https:\/\/www.gr-service.be\/fr\/wp-json\/wp\/v2\/pages\/121"}],"wp:featuredmedia":[{"embeddable":true,"href":"https:\/\/www.gr-service.be\/fr\/wp-json\/wp\/v2\/media\/921"}],"wp:attachment":[{"href":"https:\/\/www.gr-service.be\/fr\/wp-json\/wp\/v2\/media?parent=127"}],"curies":[{"name":"wp","href":"https:\/\/api.w.org\/{rel}","templated":true}]}}