{"id":135,"date":"2025-04-23T08:22:49","date_gmt":"2025-04-23T08:22:49","guid":{"rendered":"http:\/\/gr-service.local\/?page_id=135"},"modified":"2025-08-05T07:46:20","modified_gmt":"2025-08-05T07:46:20","slug":"methodologie","status":"publish","type":"page","link":"https:\/\/www.gr-service.be\/fr\/gr-service\/methodologie\/","title":{"rendered":"M\u00e9thodologie"},"content":{"rendered":"","protected":false},"excerpt":{"rendered":"","protected":false},"author":1,"featured_media":1325,"parent":121,"menu_order":23,"comment_status":"closed","ping_status":"closed","template":"page-template\/template-text.php","meta":{"_acf_changed":false,"inline_featured_image":false,"footnotes":""},"class_list":["post-135","page","type-page","status-publish","has-post-thumbnail","hentry"],"acf":[],"yoast_head":"<!-- This site is optimized with the Yoast SEO plugin v26.8 - https:\/\/yoast.com\/product\/yoast-seo-wordpress\/ -->\n<title>M\u00e9thodologie - GR Service<\/title>\n<meta name=\"description\" content=\"Nos principes pour garantir la sant\u00e9 animale ont \u00e9t\u00e9 \u00e9tudi\u00e9s minutieusement au cours des 30 derni\u00e8res ann\u00e9es.\" \/>\n<meta name=\"robots\" content=\"index, follow, max-snippet:-1, max-image-preview:large, max-video-preview:-1\" \/>\n<link rel=\"canonical\" href=\"https:\/\/www.gr-service.be\/fr\/gr-service\/methodologie\/\" \/>\n<meta property=\"og:locale\" content=\"fr_FR\" \/>\n<meta property=\"og:type\" content=\"article\" \/>\n<meta property=\"og:title\" content=\"M\u00e9thodologie - GR Service\" \/>\n<meta property=\"og:description\" content=\"Nos principes pour garantir la sant\u00e9 animale ont \u00e9t\u00e9 \u00e9tudi\u00e9s minutieusement au cours des 30 derni\u00e8res ann\u00e9es.\" \/>\n<meta property=\"og:url\" content=\"https:\/\/www.gr-service.be\/fr\/gr-service\/methodologie\/\" \/>\n<meta property=\"og:site_name\" content=\"GR Service\" \/>\n<meta property=\"article:modified_time\" content=\"2025-08-05T07:46:20+00:00\" \/>\n<meta property=\"og:image\" content=\"https:\/\/www.gr-service.be\/wp-content\/uploads\/2025\/08\/Z1-scaled.jpg\" \/>\n\t<meta property=\"og:image:width\" content=\"2560\" \/>\n\t<meta property=\"og:image:height\" content=\"2236\" \/>\n\t<meta property=\"og:image:type\" content=\"image\/jpeg\" \/>\n<meta name=\"twitter:card\" content=\"summary_large_image\" \/>\n<meta name=\"twitter:label1\" content=\"Dur\u00e9e de lecture estim\u00e9e\" \/>\n\t<meta name=\"twitter:data1\" content=\"5 minutes\" \/>\n<script type=\"application\/ld+json\" class=\"yoast-schema-graph\">{\"@context\":\"https:\/\/schema.org\",\"@graph\":[{\"@type\":\"WebPage\",\"@id\":\"https:\/\/www.gr-service.be\/fr\/gr-service\/methodologie\/\",\"url\":\"https:\/\/www.gr-service.be\/fr\/gr-service\/methodologie\/\",\"name\":\"M\u00e9thodologie - GR Service\",\"isPartOf\":{\"@id\":\"https:\/\/www.gr-service.be\/fr\/#website\"},\"primaryImageOfPage\":{\"@id\":\"https:\/\/www.gr-service.be\/fr\/gr-service\/methodologie\/#primaryimage\"},\"image\":{\"@id\":\"https:\/\/www.gr-service.be\/fr\/gr-service\/methodologie\/#primaryimage\"},\"thumbnailUrl\":\"https:\/\/www.gr-service.be\/wp-content\/uploads\/2025\/08\/Z1-scaled.jpg\",\"datePublished\":\"2025-04-23T08:22:49+00:00\",\"dateModified\":\"2025-08-05T07:46:20+00:00\",\"description\":\"Nos principes pour garantir la sant\u00e9 animale ont \u00e9t\u00e9 \u00e9tudi\u00e9s minutieusement au cours des 30 derni\u00e8res ann\u00e9es.\",\"breadcrumb\":{\"@id\":\"https:\/\/www.gr-service.be\/fr\/gr-service\/methodologie\/#breadcrumb\"},\"inLanguage\":\"fr-FR\",\"potentialAction\":[{\"@type\":\"ReadAction\",\"target\":[\"https:\/\/www.gr-service.be\/fr\/gr-service\/methodologie\/\"]}]},{\"@type\":\"ImageObject\",\"inLanguage\":\"fr-FR\",\"@id\":\"https:\/\/www.gr-service.be\/fr\/gr-service\/methodologie\/#primaryimage\",\"url\":\"https:\/\/www.gr-service.be\/wp-content\/uploads\/2025\/08\/Z1-scaled.jpg\",\"contentUrl\":\"https:\/\/www.gr-service.be\/wp-content\/uploads\/2025\/08\/Z1-scaled.jpg\",\"width\":2560,\"height\":2236},{\"@type\":\"BreadcrumbList\",\"@id\":\"https:\/\/www.gr-service.be\/fr\/gr-service\/methodologie\/#breadcrumb\",\"itemListElement\":[{\"@type\":\"ListItem\",\"position\":1,\"name\":\"Accueil\",\"item\":\"https:\/\/www.gr-service.be\/fr\/\"},{\"@type\":\"ListItem\",\"position\":2,\"name\":\"GR Service\",\"item\":\"https:\/\/www.gr-service.be\/fr\/gr-service\/\"},{\"@type\":\"ListItem\",\"position\":3,\"name\":\"M\u00e9thodologie\"}]},{\"@type\":\"WebSite\",\"@id\":\"https:\/\/www.gr-service.be\/fr\/#website\",\"url\":\"https:\/\/www.gr-service.be\/fr\/\",\"name\":\"GR Service\",\"description\":\"\",\"potentialAction\":[{\"@type\":\"SearchAction\",\"target\":{\"@type\":\"EntryPoint\",\"urlTemplate\":\"https:\/\/www.gr-service.be\/fr\/?s={search_term_string}\"},\"query-input\":{\"@type\":\"PropertyValueSpecification\",\"valueRequired\":true,\"valueName\":\"search_term_string\"}}],\"inLanguage\":\"fr-FR\"}]}<\/script>\n<!-- \/ Yoast SEO plugin. -->","yoast_head_json":{"title":"M\u00e9thodologie - GR Service","description":"Nos principes pour garantir la sant\u00e9 animale ont \u00e9t\u00e9 \u00e9tudi\u00e9s minutieusement au cours des 30 derni\u00e8res ann\u00e9es.","robots":{"index":"index","follow":"follow","max-snippet":"max-snippet:-1","max-image-preview":"max-image-preview:large","max-video-preview":"max-video-preview:-1"},"canonical":"https:\/\/www.gr-service.be\/fr\/gr-service\/methodologie\/","og_locale":"fr_FR","og_type":"article","og_title":"M\u00e9thodologie - GR Service","og_description":"Nos principes pour garantir la sant\u00e9 animale ont \u00e9t\u00e9 \u00e9tudi\u00e9s minutieusement au cours des 30 derni\u00e8res ann\u00e9es.","og_url":"https:\/\/www.gr-service.be\/fr\/gr-service\/methodologie\/","og_site_name":"GR Service","article_modified_time":"2025-08-05T07:46:20+00:00","og_image":[{"width":2560,"height":2236,"url":"https:\/\/www.gr-service.be\/wp-content\/uploads\/2025\/08\/Z1-scaled.jpg","type":"image\/jpeg"}],"twitter_card":"summary_large_image","twitter_misc":{"Dur\u00e9e de lecture estim\u00e9e":"5 minutes"},"schema":{"@context":"https:\/\/schema.org","@graph":[{"@type":"WebPage","@id":"https:\/\/www.gr-service.be\/fr\/gr-service\/methodologie\/","url":"https:\/\/www.gr-service.be\/fr\/gr-service\/methodologie\/","name":"M\u00e9thodologie - GR Service","isPartOf":{"@id":"https:\/\/www.gr-service.be\/fr\/#website"},"primaryImageOfPage":{"@id":"https:\/\/www.gr-service.be\/fr\/gr-service\/methodologie\/#primaryimage"},"image":{"@id":"https:\/\/www.gr-service.be\/fr\/gr-service\/methodologie\/#primaryimage"},"thumbnailUrl":"https:\/\/www.gr-service.be\/wp-content\/uploads\/2025\/08\/Z1-scaled.jpg","datePublished":"2025-04-23T08:22:49+00:00","dateModified":"2025-08-05T07:46:20+00:00","description":"Nos principes pour garantir la sant\u00e9 animale ont \u00e9t\u00e9 \u00e9tudi\u00e9s minutieusement au cours des 30 derni\u00e8res ann\u00e9es.","breadcrumb":{"@id":"https:\/\/www.gr-service.be\/fr\/gr-service\/methodologie\/#breadcrumb"},"inLanguage":"fr-FR","potentialAction":[{"@type":"ReadAction","target":["https:\/\/www.gr-service.be\/fr\/gr-service\/methodologie\/"]}]},{"@type":"ImageObject","inLanguage":"fr-FR","@id":"https:\/\/www.gr-service.be\/fr\/gr-service\/methodologie\/#primaryimage","url":"https:\/\/www.gr-service.be\/wp-content\/uploads\/2025\/08\/Z1-scaled.jpg","contentUrl":"https:\/\/www.gr-service.be\/wp-content\/uploads\/2025\/08\/Z1-scaled.jpg","width":2560,"height":2236},{"@type":"BreadcrumbList","@id":"https:\/\/www.gr-service.be\/fr\/gr-service\/methodologie\/#breadcrumb","itemListElement":[{"@type":"ListItem","position":1,"name":"Accueil","item":"https:\/\/www.gr-service.be\/fr\/"},{"@type":"ListItem","position":2,"name":"GR Service","item":"https:\/\/www.gr-service.be\/fr\/gr-service\/"},{"@type":"ListItem","position":3,"name":"M\u00e9thodologie"}]},{"@type":"WebSite","@id":"https:\/\/www.gr-service.be\/fr\/#website","url":"https:\/\/www.gr-service.be\/fr\/","name":"GR Service","description":"","potentialAction":[{"@type":"SearchAction","target":{"@type":"EntryPoint","urlTemplate":"https:\/\/www.gr-service.be\/fr\/?s={search_term_string}"},"query-input":{"@type":"PropertyValueSpecification","valueRequired":true,"valueName":"search_term_string"}}],"inLanguage":"fr-FR"}]}},"_links":{"self":[{"href":"https:\/\/www.gr-service.be\/fr\/wp-json\/wp\/v2\/pages\/135","targetHints":{"allow":["GET"]}}],"collection":[{"href":"https:\/\/www.gr-service.be\/fr\/wp-json\/wp\/v2\/pages"}],"about":[{"href":"https:\/\/www.gr-service.be\/fr\/wp-json\/wp\/v2\/types\/page"}],"author":[{"embeddable":true,"href":"https:\/\/www.gr-service.be\/fr\/wp-json\/wp\/v2\/users\/1"}],"replies":[{"embeddable":true,"href":"https:\/\/www.gr-service.be\/fr\/wp-json\/wp\/v2\/comments?post=135"}],"version-history":[{"count":13,"href":"https:\/\/www.gr-service.be\/fr\/wp-json\/wp\/v2\/pages\/135\/revisions"}],"predecessor-version":[{"id":1338,"href":"https:\/\/www.gr-service.be\/fr\/wp-json\/wp\/v2\/pages\/135\/revisions\/1338"}],"up":[{"embeddable":true,"href":"https:\/\/www.gr-service.be\/fr\/wp-json\/wp\/v2\/pages\/121"}],"wp:featuredmedia":[{"embeddable":true,"href":"https:\/\/www.gr-service.be\/fr\/wp-json\/wp\/v2\/media\/1325"}],"wp:attachment":[{"href":"https:\/\/www.gr-service.be\/fr\/wp-json\/wp\/v2\/media?parent=135"}],"curies":[{"name":"wp","href":"https:\/\/api.w.org\/{rel}","templated":true}]}}