{"id":141,"date":"2025-04-23T08:24:28","date_gmt":"2025-04-23T08:24:28","guid":{"rendered":"http:\/\/gr-service.local\/?page_id=141"},"modified":"2025-06-07T14:29:59","modified_gmt":"2025-06-07T14:29:59","slug":"partenaires","status":"publish","type":"page","link":"https:\/\/www.gr-service.be\/fr\/partenaires\/","title":{"rendered":"Partenaires"},"content":{"rendered":"<p>GR Service \u00e9tablit des partenariats de confiance avec des entreprises soigneusement s\u00e9lectionn\u00e9es. Le secteur agricole \u00e9tant complexe, nous choisissons de collaborer avec des soci\u00e9t\u00e9s qui poss\u00e8dent l\u2019expertise, les capacit\u00e9s et une culture align\u00e9e sur la n\u00f4tre : mettre le confort animal au coeur de nos priorit\u00e9s.<\/p>\n","protected":false},"excerpt":{"rendered":"<p>GR Service \u00e9tablit des partenariats de confiance avec des entreprises soigneusement s\u00e9lectionn\u00e9es. Le secteur agricole \u00e9tant complexe, nous choisissons de collaborer avec des soci\u00e9t\u00e9s qui poss\u00e8dent l\u2019expertise, les capacit\u00e9s et une culture align\u00e9e sur la n\u00f4tre : mettre le confort animal au coeur de nos priorit\u00e9s.<\/p>\n","protected":false},"author":1,"featured_media":0,"parent":0,"menu_order":28,"comment_status":"closed","ping_status":"closed","template":"page-template\/template-partner.php","meta":{"_acf_changed":false,"inline_featured_image":false,"footnotes":""},"class_list":["post-141","page","type-page","status-publish","hentry"],"acf":[],"yoast_head":"<!-- This site is optimized with the Yoast SEO plugin v26.8 - https:\/\/yoast.com\/product\/yoast-seo-wordpress\/ -->\n<title>Partenaires - GR Service<\/title>\n<meta name=\"description\" content=\"Le secteur agricole \u00e9tant complexe, nous choisissons de collaborer avec des partenaires qui poss\u00e8dent l\u2019expertise, les capacit\u00e9s et une culture align\u00e9e sur la n\u00f4tre.\" \/>\n<meta name=\"robots\" content=\"index, follow, max-snippet:-1, max-image-preview:large, max-video-preview:-1\" \/>\n<link rel=\"canonical\" href=\"https:\/\/www.gr-service.be\/fr\/partenaires\/\" \/>\n<meta property=\"og:locale\" content=\"fr_FR\" \/>\n<meta property=\"og:type\" content=\"article\" \/>\n<meta property=\"og:title\" content=\"Partenaires - GR Service\" \/>\n<meta property=\"og:description\" content=\"Le secteur agricole \u00e9tant complexe, nous choisissons de collaborer avec des partenaires qui poss\u00e8dent l\u2019expertise, les capacit\u00e9s et une culture align\u00e9e sur la n\u00f4tre.\" \/>\n<meta property=\"og:url\" content=\"https:\/\/www.gr-service.be\/fr\/partenaires\/\" \/>\n<meta property=\"og:site_name\" content=\"GR Service\" \/>\n<meta property=\"article:modified_time\" content=\"2025-06-07T14:29:59+00:00\" \/>\n<meta name=\"twitter:card\" content=\"summary_large_image\" \/>\n<meta name=\"twitter:label1\" content=\"Dur\u00e9e de lecture estim\u00e9e\" \/>\n\t<meta name=\"twitter:data1\" content=\"1 minute\" \/>\n<script type=\"application\/ld+json\" class=\"yoast-schema-graph\">{\"@context\":\"https:\/\/schema.org\",\"@graph\":[{\"@type\":\"WebPage\",\"@id\":\"https:\/\/www.gr-service.be\/fr\/partenaires\/\",\"url\":\"https:\/\/www.gr-service.be\/fr\/partenaires\/\",\"name\":\"Partenaires - GR Service\",\"isPartOf\":{\"@id\":\"https:\/\/www.gr-service.be\/fr\/#website\"},\"datePublished\":\"2025-04-23T08:24:28+00:00\",\"dateModified\":\"2025-06-07T14:29:59+00:00\",\"description\":\"Le secteur agricole \u00e9tant complexe, nous choisissons de collaborer avec des partenaires qui poss\u00e8dent l\u2019expertise, les capacit\u00e9s et une culture align\u00e9e sur la n\u00f4tre.\",\"breadcrumb\":{\"@id\":\"https:\/\/www.gr-service.be\/fr\/partenaires\/#breadcrumb\"},\"inLanguage\":\"fr-FR\",\"potentialAction\":[{\"@type\":\"ReadAction\",\"target\":[\"https:\/\/www.gr-service.be\/fr\/partenaires\/\"]}]},{\"@type\":\"BreadcrumbList\",\"@id\":\"https:\/\/www.gr-service.be\/fr\/partenaires\/#breadcrumb\",\"itemListElement\":[{\"@type\":\"ListItem\",\"position\":1,\"name\":\"Accueil\",\"item\":\"https:\/\/www.gr-service.be\/fr\/\"},{\"@type\":\"ListItem\",\"position\":2,\"name\":\"Partenaires\"}]},{\"@type\":\"WebSite\",\"@id\":\"https:\/\/www.gr-service.be\/fr\/#website\",\"url\":\"https:\/\/www.gr-service.be\/fr\/\",\"name\":\"GR Service\",\"description\":\"\",\"potentialAction\":[{\"@type\":\"SearchAction\",\"target\":{\"@type\":\"EntryPoint\",\"urlTemplate\":\"https:\/\/www.gr-service.be\/fr\/?s={search_term_string}\"},\"query-input\":{\"@type\":\"PropertyValueSpecification\",\"valueRequired\":true,\"valueName\":\"search_term_string\"}}],\"inLanguage\":\"fr-FR\"}]}<\/script>\n<!-- \/ Yoast SEO plugin. -->","yoast_head_json":{"title":"Partenaires - GR Service","description":"Le secteur agricole \u00e9tant complexe, nous choisissons de collaborer avec des partenaires qui poss\u00e8dent l\u2019expertise, les capacit\u00e9s et une culture align\u00e9e sur la n\u00f4tre.","robots":{"index":"index","follow":"follow","max-snippet":"max-snippet:-1","max-image-preview":"max-image-preview:large","max-video-preview":"max-video-preview:-1"},"canonical":"https:\/\/www.gr-service.be\/fr\/partenaires\/","og_locale":"fr_FR","og_type":"article","og_title":"Partenaires - GR Service","og_description":"Le secteur agricole \u00e9tant complexe, nous choisissons de collaborer avec des partenaires qui poss\u00e8dent l\u2019expertise, les capacit\u00e9s et une culture align\u00e9e sur la n\u00f4tre.","og_url":"https:\/\/www.gr-service.be\/fr\/partenaires\/","og_site_name":"GR Service","article_modified_time":"2025-06-07T14:29:59+00:00","twitter_card":"summary_large_image","twitter_misc":{"Dur\u00e9e de lecture estim\u00e9e":"1 minute"},"schema":{"@context":"https:\/\/schema.org","@graph":[{"@type":"WebPage","@id":"https:\/\/www.gr-service.be\/fr\/partenaires\/","url":"https:\/\/www.gr-service.be\/fr\/partenaires\/","name":"Partenaires - GR Service","isPartOf":{"@id":"https:\/\/www.gr-service.be\/fr\/#website"},"datePublished":"2025-04-23T08:24:28+00:00","dateModified":"2025-06-07T14:29:59+00:00","description":"Le secteur agricole \u00e9tant complexe, nous choisissons de collaborer avec des partenaires qui poss\u00e8dent l\u2019expertise, les capacit\u00e9s et une culture align\u00e9e sur la n\u00f4tre.","breadcrumb":{"@id":"https:\/\/www.gr-service.be\/fr\/partenaires\/#breadcrumb"},"inLanguage":"fr-FR","potentialAction":[{"@type":"ReadAction","target":["https:\/\/www.gr-service.be\/fr\/partenaires\/"]}]},{"@type":"BreadcrumbList","@id":"https:\/\/www.gr-service.be\/fr\/partenaires\/#breadcrumb","itemListElement":[{"@type":"ListItem","position":1,"name":"Accueil","item":"https:\/\/www.gr-service.be\/fr\/"},{"@type":"ListItem","position":2,"name":"Partenaires"}]},{"@type":"WebSite","@id":"https:\/\/www.gr-service.be\/fr\/#website","url":"https:\/\/www.gr-service.be\/fr\/","name":"GR Service","description":"","potentialAction":[{"@type":"SearchAction","target":{"@type":"EntryPoint","urlTemplate":"https:\/\/www.gr-service.be\/fr\/?s={search_term_string}"},"query-input":{"@type":"PropertyValueSpecification","valueRequired":true,"valueName":"search_term_string"}}],"inLanguage":"fr-FR"}]}},"_links":{"self":[{"href":"https:\/\/www.gr-service.be\/fr\/wp-json\/wp\/v2\/pages\/141","targetHints":{"allow":["GET"]}}],"collection":[{"href":"https:\/\/www.gr-service.be\/fr\/wp-json\/wp\/v2\/pages"}],"about":[{"href":"https:\/\/www.gr-service.be\/fr\/wp-json\/wp\/v2\/types\/page"}],"author":[{"embeddable":true,"href":"https:\/\/www.gr-service.be\/fr\/wp-json\/wp\/v2\/users\/1"}],"replies":[{"embeddable":true,"href":"https:\/\/www.gr-service.be\/fr\/wp-json\/wp\/v2\/comments?post=141"}],"version-history":[{"count":2,"href":"https:\/\/www.gr-service.be\/fr\/wp-json\/wp\/v2\/pages\/141\/revisions"}],"predecessor-version":[{"id":258,"href":"https:\/\/www.gr-service.be\/fr\/wp-json\/wp\/v2\/pages\/141\/revisions\/258"}],"wp:attachment":[{"href":"https:\/\/www.gr-service.be\/fr\/wp-json\/wp\/v2\/media?parent=141"}],"curies":[{"name":"wp","href":"https:\/\/api.w.org\/{rel}","templated":true}]}}