{"id":143,"date":"2025-04-23T08:24:34","date_gmt":"2025-04-23T08:24:34","guid":{"rendered":"http:\/\/gr-service.local\/?page_id=143"},"modified":"2025-11-17T14:48:06","modified_gmt":"2025-11-17T14:48:06","slug":"news","status":"publish","type":"page","link":"https:\/\/www.gr-service.be\/fr\/news-2\/news\/","title":{"rendered":"News"},"content":{"rendered":"<h1 style=\"text-align: left;\"><span style=\"color: #808080;\"><em><strong>Nouveaut\u00e9 chez nous!<\/strong><\/em><\/span><\/h1>\n<p data-start=\"78\" data-end=\"747\">Nous sommes ravis de vous annoncer que nous avons \u00e9largi notre assortiment. D\u00e9sormais, vous trouverez chez nous une s\u00e9lection soigneusement compos\u00e9e de produits de haute qualit\u00e9 pour chiens et chats. Que vous soyez \u00e0 la recherche de d\u00e9licieuses friandises, de jouets amusants, de couchages douillets ou d\u2019accessoires pratiques pour le quotidien avec votre compagnon \u00e0 quatre pattes, vous trouverez certainement ce qu\u2019il vous faut. Notre nouvelle gamme de produits a \u00e9t\u00e9 choisie avec le plus grand soin afin de r\u00e9pondre au mieux aux besoins de vos animaux. Nous accordons une importance particuli\u00e8re \u00e0 la qualit\u00e9, \u00e0 la fonctionnalit\u00e9 et surtout au bien-\u00eatre des animaux.<\/p>\n<p data-start=\"749\" data-end=\"1225\">Nous souhaitons que vous vous sentiez bien accompagn\u00e9s chez nous et que vos compagnons re\u00e7oivent ce qu\u2019ils m\u00e9ritent. C\u2019est pourquoi notre \u00e9quipe est \u00e0 votre disposition, avec c\u0153ur et professionnalisme, pour vous conseiller de mani\u00e8re personnalis\u00e9e et comp\u00e9tente. N\u2019h\u00e9sitez pas \u00e0 passer nous voir en magasin pour d\u00e9couvrir notre nouvelle offre, dans la limite des stocks disponibles. Nous nous r\u00e9jouissons de votre visite, ainsi que de celle de vos compagnons \u00e0 quatre pattes !<\/p>\n\n\t\t<style type=\"text\/css\">\n\t\t\t#gallery-1 {\n\t\t\t\tmargin: auto;\n\t\t\t}\n\t\t\t#gallery-1 .gallery-item {\n\t\t\t\tfloat: left;\n\t\t\t\tmargin-top: 10px;\n\t\t\t\ttext-align: center;\n\t\t\t\twidth: 33%;\n\t\t\t}\n\t\t\t#gallery-1 img {\n\t\t\t\tborder: 2px solid #cfcfcf;\n\t\t\t}\n\t\t\t#gallery-1 .gallery-caption {\n\t\t\t\tmargin-left: 0;\n\t\t\t}\n\t\t\t\/* see gallery_shortcode() in wp-includes\/media.php *\/\n\t\t<\/style>\n\t\t<div id='gallery-1' class='gallery galleryid-143 gallery-columns-3 gallery-size-thumbnail'><dl class='gallery-item'>\n\t\t\t<dt class='gallery-icon landscape'>\n\t\t\t\t<a href='https:\/\/www.gr-service.be\/fr\/whatsapp-image-2025-08-08-at-10-11-35-2\/'><img decoding=\"async\" width=\"150\" height=\"150\" src=\"https:\/\/www.gr-service.be\/wp-content\/uploads\/2025\/08\/WhatsApp-Image-2025-08-08-at-10.11.35-150x150.jpeg\" class=\"attachment-thumbnail size-thumbnail\" alt=\"\" \/><\/a>\n\t\t\t<\/dt><\/dl><dl class='gallery-item'>\n\t\t\t<dt class='gallery-icon landscape'>\n\t\t\t\t<a href='https:\/\/www.gr-service.be\/fr\/whatsapp-image-2025-08-08-at-10-11-36-1-2\/'><img decoding=\"async\" width=\"150\" height=\"150\" src=\"https:\/\/www.gr-service.be\/wp-content\/uploads\/2025\/08\/WhatsApp-Image-2025-08-08-at-10.11.36-1-150x150.jpeg\" class=\"attachment-thumbnail size-thumbnail\" alt=\"\" \/><\/a>\n\t\t\t<\/dt><\/dl><dl class='gallery-item'>\n\t\t\t<dt class='gallery-icon landscape'>\n\t\t\t\t<a href='https:\/\/www.gr-service.be\/fr\/whatsapp-image-2025-08-08-at-13-34-33-2\/'><img decoding=\"async\" width=\"150\" height=\"150\" src=\"https:\/\/www.gr-service.be\/wp-content\/uploads\/2025\/08\/WhatsApp-Image-2025-08-08-at-13.34.33-150x150.jpeg\" class=\"attachment-thumbnail size-thumbnail\" alt=\"\" \/><\/a>\n\t\t\t<\/dt><\/dl><br style=\"clear: both\" \/>\n\t\t<\/div>\n\n<p>&nbsp;<\/p>\n<div style=\"text-align: center; margin: 60px 0;\"><a style=\"display: inline-block; background-color: #0e3699; color: white; font-weight: bold; font-size: 18px; padding: 20px 40px; border-radius: 6px; text-decoration: none; transition: all 0.3s ease;\" href=\"https:\/\/www.facebook.com\/p\/GR-Service-100032389076267\/\"><br \/>\nNOTRE PAGE FACEBOOK <span style=\"margin-left: 10px;\">\u276f<\/span><br \/>\n<\/a><\/div>\n<p>&nbsp;<\/p>\n","protected":false},"excerpt":{"rendered":"<p>Nouveaut\u00e9 chez nous! Nous sommes ravis de vous annoncer que nous avons \u00e9largi notre assortiment. D\u00e9sormais, vous trouverez chez nous une s\u00e9lection soigneusement compos\u00e9e de produits de haute qualit\u00e9 pour chiens et chats. Que vous soyez \u00e0 la recherche de d\u00e9licieuses friandises, de jouets amusants, de couchages douillets ou d\u2019accessoires pratiques pour le quotidien avec [&hellip;]<\/p>\n","protected":false},"author":1,"featured_media":0,"parent":2090,"menu_order":26,"comment_status":"closed","ping_status":"closed","template":"page-template\/template-news_2.php","meta":{"_acf_changed":false,"inline_featured_image":false,"footnotes":""},"class_list":["post-143","page","type-page","status-publish","hentry"],"acf":[],"yoast_head":"<!-- This site is optimized with the Yoast SEO plugin v26.8 - https:\/\/yoast.com\/product\/yoast-seo-wordpress\/ -->\n<title>News - GR Service<\/title>\n<meta name=\"robots\" content=\"index, follow, max-snippet:-1, max-image-preview:large, max-video-preview:-1\" \/>\n<link rel=\"canonical\" href=\"https:\/\/www.gr-service.be\/fr\/news-2\/news\/\" \/>\n<meta property=\"og:locale\" content=\"fr_FR\" \/>\n<meta property=\"og:type\" content=\"article\" \/>\n<meta property=\"og:title\" content=\"News - GR Service\" \/>\n<meta property=\"og:description\" content=\"Nouveaut\u00e9 chez nous! Nous sommes ravis de vous annoncer que nous avons \u00e9largi notre assortiment. D\u00e9sormais, vous trouverez chez nous une s\u00e9lection soigneusement compos\u00e9e de produits de haute qualit\u00e9 pour chiens et chats. Que vous soyez \u00e0 la recherche de d\u00e9licieuses friandises, de jouets amusants, de couchages douillets ou d\u2019accessoires pratiques pour le quotidien avec [&hellip;]\" \/>\n<meta property=\"og:url\" content=\"https:\/\/www.gr-service.be\/fr\/news-2\/news\/\" \/>\n<meta property=\"og:site_name\" content=\"GR Service\" \/>\n<meta property=\"article:modified_time\" content=\"2025-11-17T14:48:06+00:00\" \/>\n<meta property=\"og:image\" content=\"https:\/\/www.gr-service.be\/wp-content\/uploads\/2025\/08\/WhatsApp-Image-2025-08-08-at-10.11.35-150x150.jpeg\" \/>\n<meta name=\"twitter:card\" content=\"summary_large_image\" \/>\n<meta name=\"twitter:label1\" content=\"Dur\u00e9e de lecture estim\u00e9e\" \/>\n\t<meta name=\"twitter:data1\" content=\"3 minutes\" \/>\n<script type=\"application\/ld+json\" class=\"yoast-schema-graph\">{\"@context\":\"https:\/\/schema.org\",\"@graph\":[{\"@type\":\"WebPage\",\"@id\":\"https:\/\/www.gr-service.be\/fr\/news-2\/news\/\",\"url\":\"https:\/\/www.gr-service.be\/fr\/news-2\/news\/\",\"name\":\"News - GR Service\",\"isPartOf\":{\"@id\":\"https:\/\/www.gr-service.be\/fr\/#website\"},\"datePublished\":\"2025-04-23T08:24:34+00:00\",\"dateModified\":\"2025-11-17T14:48:06+00:00\",\"breadcrumb\":{\"@id\":\"https:\/\/www.gr-service.be\/fr\/news-2\/news\/#breadcrumb\"},\"inLanguage\":\"fr-FR\",\"potentialAction\":[{\"@type\":\"ReadAction\",\"target\":[\"https:\/\/www.gr-service.be\/fr\/news-2\/news\/\"]}]},{\"@type\":\"BreadcrumbList\",\"@id\":\"https:\/\/www.gr-service.be\/fr\/news-2\/news\/#breadcrumb\",\"itemListElement\":[{\"@type\":\"ListItem\",\"position\":1,\"name\":\"Accueil\",\"item\":\"https:\/\/www.gr-service.be\/fr\/\"},{\"@type\":\"ListItem\",\"position\":2,\"name\":\"News\",\"item\":\"https:\/\/www.gr-service.be\/fr\/news-2\/\"},{\"@type\":\"ListItem\",\"position\":3,\"name\":\"News\"}]},{\"@type\":\"WebSite\",\"@id\":\"https:\/\/www.gr-service.be\/fr\/#website\",\"url\":\"https:\/\/www.gr-service.be\/fr\/\",\"name\":\"GR Service\",\"description\":\"\",\"potentialAction\":[{\"@type\":\"SearchAction\",\"target\":{\"@type\":\"EntryPoint\",\"urlTemplate\":\"https:\/\/www.gr-service.be\/fr\/?s={search_term_string}\"},\"query-input\":{\"@type\":\"PropertyValueSpecification\",\"valueRequired\":true,\"valueName\":\"search_term_string\"}}],\"inLanguage\":\"fr-FR\"}]}<\/script>\n<!-- \/ Yoast SEO plugin. -->","yoast_head_json":{"title":"News - GR Service","robots":{"index":"index","follow":"follow","max-snippet":"max-snippet:-1","max-image-preview":"max-image-preview:large","max-video-preview":"max-video-preview:-1"},"canonical":"https:\/\/www.gr-service.be\/fr\/news-2\/news\/","og_locale":"fr_FR","og_type":"article","og_title":"News - GR Service","og_description":"Nouveaut\u00e9 chez nous! Nous sommes ravis de vous annoncer que nous avons \u00e9largi notre assortiment. D\u00e9sormais, vous trouverez chez nous une s\u00e9lection soigneusement compos\u00e9e de produits de haute qualit\u00e9 pour chiens et chats. Que vous soyez \u00e0 la recherche de d\u00e9licieuses friandises, de jouets amusants, de couchages douillets ou d\u2019accessoires pratiques pour le quotidien avec [&hellip;]","og_url":"https:\/\/www.gr-service.be\/fr\/news-2\/news\/","og_site_name":"GR Service","article_modified_time":"2025-11-17T14:48:06+00:00","og_image":[{"url":"https:\/\/www.gr-service.be\/wp-content\/uploads\/2025\/08\/WhatsApp-Image-2025-08-08-at-10.11.35-150x150.jpeg","type":"","width":"","height":""}],"twitter_card":"summary_large_image","twitter_misc":{"Dur\u00e9e de lecture estim\u00e9e":"3 minutes"},"schema":{"@context":"https:\/\/schema.org","@graph":[{"@type":"WebPage","@id":"https:\/\/www.gr-service.be\/fr\/news-2\/news\/","url":"https:\/\/www.gr-service.be\/fr\/news-2\/news\/","name":"News - GR Service","isPartOf":{"@id":"https:\/\/www.gr-service.be\/fr\/#website"},"datePublished":"2025-04-23T08:24:34+00:00","dateModified":"2025-11-17T14:48:06+00:00","breadcrumb":{"@id":"https:\/\/www.gr-service.be\/fr\/news-2\/news\/#breadcrumb"},"inLanguage":"fr-FR","potentialAction":[{"@type":"ReadAction","target":["https:\/\/www.gr-service.be\/fr\/news-2\/news\/"]}]},{"@type":"BreadcrumbList","@id":"https:\/\/www.gr-service.be\/fr\/news-2\/news\/#breadcrumb","itemListElement":[{"@type":"ListItem","position":1,"name":"Accueil","item":"https:\/\/www.gr-service.be\/fr\/"},{"@type":"ListItem","position":2,"name":"News","item":"https:\/\/www.gr-service.be\/fr\/news-2\/"},{"@type":"ListItem","position":3,"name":"News"}]},{"@type":"WebSite","@id":"https:\/\/www.gr-service.be\/fr\/#website","url":"https:\/\/www.gr-service.be\/fr\/","name":"GR Service","description":"","potentialAction":[{"@type":"SearchAction","target":{"@type":"EntryPoint","urlTemplate":"https:\/\/www.gr-service.be\/fr\/?s={search_term_string}"},"query-input":{"@type":"PropertyValueSpecification","valueRequired":true,"valueName":"search_term_string"}}],"inLanguage":"fr-FR"}]}},"_links":{"self":[{"href":"https:\/\/www.gr-service.be\/fr\/wp-json\/wp\/v2\/pages\/143","targetHints":{"allow":["GET"]}}],"collection":[{"href":"https:\/\/www.gr-service.be\/fr\/wp-json\/wp\/v2\/pages"}],"about":[{"href":"https:\/\/www.gr-service.be\/fr\/wp-json\/wp\/v2\/types\/page"}],"author":[{"embeddable":true,"href":"https:\/\/www.gr-service.be\/fr\/wp-json\/wp\/v2\/users\/1"}],"replies":[{"embeddable":true,"href":"https:\/\/www.gr-service.be\/fr\/wp-json\/wp\/v2\/comments?post=143"}],"version-history":[{"count":15,"href":"https:\/\/www.gr-service.be\/fr\/wp-json\/wp\/v2\/pages\/143\/revisions"}],"predecessor-version":[{"id":2558,"href":"https:\/\/www.gr-service.be\/fr\/wp-json\/wp\/v2\/pages\/143\/revisions\/2558"}],"up":[{"embeddable":true,"href":"https:\/\/www.gr-service.be\/fr\/wp-json\/wp\/v2\/pages\/2090"}],"wp:attachment":[{"href":"https:\/\/www.gr-service.be\/fr\/wp-json\/wp\/v2\/media?parent=143"}],"curies":[{"name":"wp","href":"https:\/\/api.w.org\/{rel}","templated":true}]}}